{"id":153,"date":"2021-05-10T15:21:31","date_gmt":"2021-05-10T13:21:31","guid":{"rendered":"https:\/\/calandretapamiers.wordpress.com\/?page_id=153"},"modified":"2021-05-10T15:21:31","modified_gmt":"2021-05-10T13:21:31","slug":"lauseta","status":"publish","type":"page","link":"https:\/\/www.calandreta-pamias.fr\/?page_id=153","title":{"rendered":"Lauseta"},"content":{"rendered":"\n<div class=\"wp-block-group alignfull\"><div class=\"wp-block-group__inner-container is-layout-flow wp-block-group-is-layout-flow\">\n<div class=\"wp-block-group alignfull has-background-background-color has-background\"><div class=\"wp-block-group__inner-container is-layout-flow wp-block-group-is-layout-flow\">\n<div class=\"wp-block-jetpack-layout-grid alignfull column1-desktop-grid__span-10 column1-desktop-grid__start-2 column1-desktop-grid__row-1 column1-tablet-grid__span-8 column1-tablet-grid__row-1 column1-mobile-grid__span-4 column1-mobile-grid__row-1\">\n<div class=\"wp-block-jetpack-layout-grid-column wp-block-jetpack-layout-grid__padding-none\">\n<div class=\"wp-block-image\"><figure class=\"aligncenter size-large is-resized\"><img loading=\"lazy\" decoding=\"async\" src=\"https:\/\/calandreta.sytes.net\/wordpress\/wp-content\/uploads\/2021\/05\/image21-1.png?w=693\" alt=\"\" class=\"wp-image-129\" width=\"659\" height=\"496\" srcset=\"https:\/\/www.calandreta-pamias.fr\/wp-content\/uploads\/2021\/05\/image21-1.png 693w, https:\/\/www.calandreta-pamias.fr\/wp-content\/uploads\/2021\/05\/image21-1-300x226.png 300w\" sizes=\"auto, (max-width: 659px) 100vw, 659px\" \/><\/figure><\/div>\n<\/div>\n<\/div>\n<\/div><\/div>\n<\/div><\/div>\n\n\n\n<div class=\"wp-block-group alignfull has-background-background-color has-background\"><div class=\"wp-block-group__inner-container is-layout-flow wp-block-group-is-layout-flow\">\n<div class=\"wp-block-jetpack-layout-grid alignfull column1-desktop-grid__span-10 column1-desktop-grid__start-2 column1-desktop-grid__row-1 column1-tablet-grid__span-8 column1-tablet-grid__row-1 column1-mobile-grid__span-4 column1-mobile-grid__row-1\">\n<div class=\"wp-block-jetpack-layout-grid-column wp-block-jetpack-layout-grid__padding-none\">\n<p style=\"font-size:50px;\"> Une Lauseta est une alouette, il est souvent fait allusion \u00e0 son chant dans les chansons occitanes. <\/p>\n\n\n\n<p> La <strong><em>Lauseta<\/em><\/strong> a \u00e9t\u00e9 cr\u00e9\u00e9e peu de temps apr\u00e8s la naissance de <strong><em>Calandreta<\/em><\/strong> \u00e0 Pamiers, il y a de \u00e7a 25 ans, pour donner vie au 4e pilier de la charte <strong><em>Calandreta<\/em><\/strong>. Le pilier \u00ab\u00a0culturel\u00a0\u00bb : animer des actions culturelles et se lier \u00e0 la vie culturelle de son environnement. Elle est donc intimement li\u00e9e \u00e0 l&rsquo;\u00e9cole, mais elle propose des activit\u00e9s culturelles destin\u00e9es \u00e0 tous. <\/p>\n\n\n\n<p style=\"font-size:50px;\">La Lauseta, c&rsquo;est qui ? Elle fait quoi ? <\/p>\n\n\n\n<p> &#8211; <strong><em>Lauseta<\/em><\/strong> est propri\u00e9taire de tous les locaux de l&rsquo;<strong><em>espaci occitan<\/em><\/strong>. C&rsquo;est elle qui porte l&#8217;emprunt contract\u00e9 pour l&rsquo;installation des pr\u00e9fabriqu\u00e9s qui accueillent en partie l&rsquo;\u00e9cole, cet emprunt court jusqu&rsquo;en 2032.<br>&#8211; <strong><em>Lauseta<\/em><\/strong> porte les actions lucratives qui sont directement ou indirectement au b\u00e9n\u00e9fice de <strong><em>Calandreta<\/em><\/strong> (financement de projets p\u00e9dagogiques ou de mat\u00e9riel, de livres et activit\u00e9s culturelles pour les enfants \/ entretien et am\u00e9lioration des locaux&#8230;), elle peut pr\u00e9tendre \u00e0 des subventions au profit d&rsquo;actions culturelles qui ont des retomb\u00e9es pour <strong><em>Calandreta<\/em><\/strong>.<br>&#8211; <strong><em>Lauseta<\/em><\/strong> anime des ateliers tout public dans le champ de la culture occitane (chants, danses, carnaval \u2026), elle apporte une aide financi\u00e8re aux parents et salari\u00e9s de <strong><em>Calandreta<\/em><\/strong> qui prennent des cours pour apprendre l&rsquo;occitan \u00e0 l&rsquo;<strong><em>IEO<\/em><\/strong>,<br>&#8211; <strong><em>Lauseta<\/em><\/strong> organise des \u00e9v\u00e9nements culturels pour faire conna\u00eetre la culture occitane et parmi elle les actions de <strong><em>Calandreta<\/em><\/strong>.<br>80% des adh\u00e9rents Lauseta sont \u00e9galement des parents de <strong><em>Calandreta<\/em><\/strong> <\/p>\n<\/div>\n<\/div>\n\n\n\n<div class=\"wp-block-jetpack-tiled-gallery aligncenter is-style-rectangular\"><div class=\"tiled-gallery__gallery\"><div class=\"tiled-gallery__row\"><div class=\"tiled-gallery__col\" style=\"flex-basis:68.11632%;\"><figure class=\"tiled-gallery__item filter__1977\"><img decoding=\"async\" alt=\"\" data-height=\"4000\" data-id=\"169\" data-link=\"https:\/\/calandretapamiers.wordpress.com\/dsc00519-1\/\" data-url=\"https:\/\/calandreta.sytes.net\/wordpress\/wp-content\/uploads\/2021\/05\/dsc00519-1-1.jpg\" data-width=\"6000\" src=\"https:\/\/calandreta.sytes.net\/wordpress\/wp-content\/uploads\/2021\/05\/dsc00519-1-1.jpg\" data-amp-layout=\"responsive\" \/><\/figure><\/div><div class=\"tiled-gallery__col\" style=\"flex-basis:31.88368%;\"><figure class=\"tiled-gallery__item filter__1977\"><img decoding=\"async\" alt=\"\" data-height=\"3865\" data-id=\"171\" data-link=\"https:\/\/calandretapamiers.wordpress.com\/calaphoto2-1\/\" data-url=\"https:\/\/calandreta.sytes.net\/wordpress\/wp-content\/uploads\/2021\/05\/calaphoto2-1-1.jpg\" data-width=\"5153\" src=\"https:\/\/calandreta.sytes.net\/wordpress\/wp-content\/uploads\/2021\/05\/calaphoto2-1-1.jpg\" data-amp-layout=\"responsive\" \/><\/figure><figure class=\"tiled-gallery__item filter__1977\"><img decoding=\"async\" alt=\"\" data-height=\"3672\" data-id=\"173\" data-link=\"https:\/\/calandretapamiers.wordpress.com\/dsc00308-1\/\" data-url=\"https:\/\/calandreta.sytes.net\/wordpress\/wp-content\/uploads\/2021\/05\/dsc00308-1-1.jpg\" data-width=\"5508\" src=\"https:\/\/calandreta.sytes.net\/wordpress\/wp-content\/uploads\/2021\/05\/dsc00308-1-1.jpg\" data-amp-layout=\"responsive\" \/><\/figure><\/div><\/div><div class=\"tiled-gallery__row\"><div class=\"tiled-gallery__col\" style=\"flex-basis:100%;\"><figure class=\"tiled-gallery__item filter__1977\"><img decoding=\"async\" alt=\"\" data-height=\"2624\" data-id=\"175\" data-link=\"https:\/\/calandretapamiers.wordpress.com\/dsc00508-1\/\" data-url=\"https:\/\/calandreta.sytes.net\/wordpress\/wp-content\/uploads\/2021\/05\/dsc00508-1-1.jpg\" data-width=\"3936\" src=\"https:\/\/calandreta.sytes.net\/wordpress\/wp-content\/uploads\/2021\/05\/dsc00508-1-1.jpg\" data-amp-layout=\"responsive\" \/><\/figure><\/div><\/div><\/div><\/div>\n\n\n\n<div class=\"wp-block-columns is-layout-flex wp-container-core-columns-is-layout-28f84493 wp-block-columns-is-layout-flex\">\n<div class=\"wp-block-column is-layout-flow wp-block-column-is-layout-flow\">\n<p style=\"text-align:center;\">Une transmission de l&rsquo;Occitan tourn\u00e9e vers l&rsquo;avenir<\/p>\n<\/div>\n<\/div>\n\n\n\n<blockquote class=\"wp-block-quote is-layout-flow wp-block-quote-is-layout-flow\"><p>En r\u00e9sum\u00e9, <strong><em>Lauseta<\/em><\/strong> construit le nid de <strong><em>Calandreta<\/em><\/strong>, elle donne un cadre et des moyens pour faire grandir les calandrons. Elle fait le lien en mati\u00e8re de vie culturelle entre <strong><em>Calandreta<\/em><\/strong> et son environnement proche.\u00a0<\/p><\/blockquote>\n<\/div><\/div>\n\n\n\n<div class=\"wp-block-group alignfull has-background-background-color has-background\"><div class=\"wp-block-group__inner-container is-layout-flow wp-block-group-is-layout-flow\">\n<div class=\"wp-block-jetpack-layout-grid alignfull column1-desktop-grid__span-2 column1-desktop-grid__start-2 column1-desktop-grid__row-1 column2-desktop-grid__span-4 column2-desktop-grid__start-4 column2-desktop-grid__row-1 column3-desktop-grid__span-4 column3-desktop-grid__start-8 column3-desktop-grid__row-1 column1-tablet-grid__span-4 column1-tablet-grid__row-1 column2-tablet-grid__span-4 column2-tablet-grid__start-5 column2-tablet-grid__row-1 column3-tablet-grid__span-4 column3-tablet-grid__start-5 column3-tablet-grid__row-2 column1-mobile-grid__span-4 column1-mobile-grid__row-1 column2-mobile-grid__span-4 column2-mobile-grid__row-2 column3-mobile-grid__span-4 column3-mobile-grid__row-3\">\n<div class=\"wp-block-jetpack-layout-grid-column wp-block-jetpack-layout-grid__padding-none\">\n<div style=\"height:20px;\" aria-hidden=\"true\" class=\"wp-block-spacer\"><\/div>\n<\/div>\n\n\n\n<div class=\"wp-block-jetpack-layout-grid-column wp-block-jetpack-layout-grid__padding-none\">\n<div style=\"height:32px;\" aria-hidden=\"true\" class=\"wp-block-spacer\"><\/div>\n\n\n\n<div style=\"height:32px;\" aria-hidden=\"true\" class=\"wp-block-spacer\"><\/div>\n<\/div>\n\n\n\n<div class=\"wp-block-jetpack-layout-grid-column wp-block-jetpack-layout-grid__padding-none\">\n<div style=\"height:32px;\" aria-hidden=\"true\" class=\"wp-block-spacer\"><\/div>\n<\/div>\n<\/div>\n<\/div><\/div>\n\n\n\n<div class=\"wp-block-group alignfull has-background-background-color has-background\"><div class=\"wp-block-group__inner-container is-layout-flow wp-block-group-is-layout-flow\">\n<div style=\"height:32px;\" aria-hidden=\"true\" class=\"wp-block-spacer\"><\/div>\n\n\n\n<div style=\"height:32px;\" aria-hidden=\"true\" class=\"wp-block-spacer\"><\/div>\n<\/div><\/div>\n\n\n\n<div class=\"wp-block-columns is-layout-flex wp-container-core-columns-is-layout-28f84493 wp-block-columns-is-layout-flex\">\n<div class=\"wp-block-column is-layout-flow wp-block-column-is-layout-flow\" style=\"flex-basis:100%;\">\n<div class=\"wp-block-columns is-layout-flex wp-container-core-columns-is-layout-28f84493 wp-block-columns-is-layout-flex\">\n<div class=\"wp-block-column is-layout-flow wp-block-column-is-layout-flow\" style=\"flex-basis:100%;\">\n<div class=\"wp-block-columns is-layout-flex wp-container-core-columns-is-layout-28f84493 wp-block-columns-is-layout-flex\">\n<div class=\"wp-block-column is-layout-flow wp-block-column-is-layout-flow\" style=\"flex-basis:100%;\"><\/div>\n<\/div>\n<\/div>\n<\/div>\n<\/div>\n<\/div>\n\n\n\n<div class=\"wp-block-group alignfull has-background-light-background-color has-background\"><div class=\"wp-block-group__inner-container is-layout-flow wp-block-group-is-layout-flow\">\n<div style=\"height:32px;\" aria-hidden=\"true\" class=\"wp-block-spacer\"><\/div>\n\n\n\n<div class=\"wp-block-jetpack-layout-grid alignfull column1-desktop-grid__span-8 column1-desktop-grid__start-4 column1-desktop-grid__row-1 column1-tablet-grid__span-8 column1-tablet-grid__row-1 column1-mobile-grid__span-4 column1-mobile-grid__row-1\">\n<div class=\"wp-block-jetpack-layout-grid-column wp-block-jetpack-layout-grid__padding-none\">\n<p style=\"font-size:50px;\">Construisons quelque chose ensemble<\/p>\n\n\n\n<div class=\"wp-block-buttons is-layout-flex wp-block-buttons-is-layout-flex\">\n<div class=\"wp-block-button\"><a class=\"wp-block-button__link\">Contactez-nous<\/a><\/div>\n<\/div>\n<\/div>\n<\/div>\n\n\n\n<div style=\"height:32px;\" aria-hidden=\"true\" class=\"wp-block-spacer\"><\/div>\n<\/div><\/div>\n","protected":false},"excerpt":{"rendered":"<p>Une transmission de l&rsquo;Occitan tourn\u00e9e vers l&rsquo;avenir En r\u00e9sum\u00e9, Lauseta construit le nid de Calandreta, elle donne un cadre et des moyens pour faire grandir les calandrons. Elle fait le lien en mati\u00e8re de vie culturelle entre Calandreta et son environnement proche.\u00a0<\/p>\n","protected":false},"author":1,"featured_media":0,"parent":0,"menu_order":0,"comment_status":"closed","ping_status":"closed","template":"","meta":{"footnotes":""},"class_list":["post-153","page","type-page","status-publish","hentry","entry"],"_links":{"self":[{"href":"https:\/\/www.calandreta-pamias.fr\/index.php?rest_route=\/wp\/v2\/pages\/153","targetHints":{"allow":["GET"]}}],"collection":[{"href":"https:\/\/www.calandreta-pamias.fr\/index.php?rest_route=\/wp\/v2\/pages"}],"about":[{"href":"https:\/\/www.calandreta-pamias.fr\/index.php?rest_route=\/wp\/v2\/types\/page"}],"author":[{"embeddable":true,"href":"https:\/\/www.calandreta-pamias.fr\/index.php?rest_route=\/wp\/v2\/users\/1"}],"replies":[{"embeddable":true,"href":"https:\/\/www.calandreta-pamias.fr\/index.php?rest_route=%2Fwp%2Fv2%2Fcomments&post=153"}],"version-history":[{"count":0,"href":"https:\/\/www.calandreta-pamias.fr\/index.php?rest_route=\/wp\/v2\/pages\/153\/revisions"}],"wp:attachment":[{"href":"https:\/\/www.calandreta-pamias.fr\/index.php?rest_route=%2Fwp%2Fv2%2Fmedia&parent=153"}],"curies":[{"name":"wp","href":"https:\/\/api.w.org\/{rel}","templated":true}]}}