{"id":93,"date":"2020-06-25T21:23:03","date_gmt":"2020-06-25T20:23:03","guid":{"rendered":"https:\/\/calandretapamiers.wordpress.com\/?page_id=8"},"modified":"2022-02-15T19:03:37","modified_gmt":"2022-02-15T18:03:37","slug":"contact","status":"publish","type":"page","link":"https:\/\/www.calandreta-pamias.fr\/?page_id=93","title":{"rendered":"Contact"},"content":{"rendered":"\n<p class=\"has-text-align-left\">Nous rencontrons toujours les parents avant une inscription. N&rsquo;h\u00e9sitez pas \u00e0 prendre rendez-vous : un membre de l&rsquo;\u00e9quipe enseignante et un repr\u00e9sentant de l&rsquo;association se feront un plaisir de vous recevoir et d&rsquo;\u00e9changer avec vous sur notre fonctionnement.<\/p>\n\n\n\n<div style=\"height:32px\" aria-hidden=\"true\" class=\"wp-block-spacer desktop-only\"><\/div>\n\n\n\n<div class=\"wp-block-columns alignwide has-2-columns is-layout-flex wp-container-core-columns-is-layout-28f84493 wp-block-columns-is-layout-flex\">\n<div class=\"wp-block-column is-layout-flow wp-block-column-is-layout-flow\">\n<h2 class=\"has-text-align-left wp-block-heading\" id=\"rendez-nous-visite\">Rendez-nous visite<\/h2>\n\n\n\n<div class=\"wp-block-jetpack-contact-info\">\n<div class=\"wp-block-jetpack-address\"><a href=\"https:\/\/www.google.com\/maps\/search\/11+rue Henri Fabre,+09100 PAMIERS,+FRANCE,\" target=\"_blank\" rel=\"noopener noreferrer\" title=\"Ouvrir l\u2019adresse dans Google Maps\"><div class=\"jetpack-address__address jetpack-address__address1\">11 rue Henri Fabre<\/div><div><span class=\"jetpack-address__city\">09100 PAMIERS<\/span>, <span class=\"jetpack-address__region\">FRANCE<\/span> <span class=\"jetpack-address__postal\"><\/span><\/div><\/a><\/div>\n<div class=\"wp-block-jetpack-email\"><a href=\"mailto:info@calandreta-pamias.fr\">info@calandreta-pamias.fr<\/a><\/div>\n<p><\/p>\n<\/div>\n\n\n\n<div class=\"wp-block-jetpack-map\" data-map-style=\"default\" data-map-details=\"true\" data-points=\"[{&quot;placeTitle&quot;:&quot;Rue Henri Fabre&quot;,&quot;title&quot;:&quot;Rue Henri Fabre&quot;,&quot;caption&quot;:&quot;11 Rue Henri Fabre, 09100 Pamiers, France&quot;,&quot;id&quot;:&quot;address.7400738420768312&quot;,&quot;coordinates&quot;:{&quot;longitude&quot;:1.627269,&quot;latitude&quot;:43.126361}}]\" data-zoom=\"14\" data-map-center=\"{&quot;lng&quot;:1.627269,&quot;lat&quot;:43.126361}\" data-marker-color=\"red\" data-show-fullscreen-button=\"true\"><ul><li><a href=\"https:\/\/www.google.com\/maps\/search\/?api=1&amp;query=43.126361,1.627269\">Rue Henri Fabre<\/a><\/li><\/ul><\/div>\n\n\n\n<ul class=\"wp-block-social-links is-layout-flex wp-block-social-links-is-layout-flex\">\n\n<\/ul>\n<\/div>\n\n\n\n<div class=\"wp-block-column is-layout-flow wp-block-column-is-layout-flow\">\n<h2 class=\"has-text-align-left wp-block-heading\" id=\"ecrivez-nous\">Ecrivez-nous<\/h2>\n\n\n\n\n\n\n<\/div>\n<\/div>\n","protected":false},"excerpt":{"rendered":"<p>Nous rencontrons toujours les parents avant une inscription. N&rsquo;h\u00e9sitez pas \u00e0 prendre rendez-vous : un membre de l&rsquo;\u00e9quipe enseignante et un repr\u00e9sentant de l&rsquo;association se feront un plaisir de vous recevoir et d&rsquo;\u00e9changer avec vous sur notre fonctionnement. Rendez-nous visite 11 rue Henri Fabre 09100 PAMIERS, FRANCE info@calandreta-pamias.fr Rue Henri Fabre Ecrivez-nous<\/p>\n","protected":false},"author":1,"featured_media":0,"parent":0,"menu_order":0,"comment_status":"closed","ping_status":"closed","template":"","meta":{"footnotes":""},"class_list":["post-93","page","type-page","status-publish","hentry","entry"],"_links":{"self":[{"href":"https:\/\/www.calandreta-pamias.fr\/index.php?rest_route=\/wp\/v2\/pages\/93","targetHints":{"allow":["GET"]}}],"collection":[{"href":"https:\/\/www.calandreta-pamias.fr\/index.php?rest_route=\/wp\/v2\/pages"}],"about":[{"href":"https:\/\/www.calandreta-pamias.fr\/index.php?rest_route=\/wp\/v2\/types\/page"}],"author":[{"embeddable":true,"href":"https:\/\/www.calandreta-pamias.fr\/index.php?rest_route=\/wp\/v2\/users\/1"}],"replies":[{"embeddable":true,"href":"https:\/\/www.calandreta-pamias.fr\/index.php?rest_route=%2Fwp%2Fv2%2Fcomments&post=93"}],"version-history":[{"count":5,"href":"https:\/\/www.calandreta-pamias.fr\/index.php?rest_route=\/wp\/v2\/pages\/93\/revisions"}],"predecessor-version":[{"id":282,"href":"https:\/\/www.calandreta-pamias.fr\/index.php?rest_route=\/wp\/v2\/pages\/93\/revisions\/282"}],"wp:attachment":[{"href":"https:\/\/www.calandreta-pamias.fr\/index.php?rest_route=%2Fwp%2Fv2%2Fmedia&parent=93"}],"curies":[{"name":"wp","href":"https:\/\/api.w.org\/{rel}","templated":true}]}}